{"id":2,"date":"2015-06-08T16:59:24","date_gmt":"2015-06-08T14:59:24","guid":{"rendered":"http:\/\/chorklang.de\/WPHP\/?page_id=2"},"modified":"2026-01-06T13:20:06","modified_gmt":"2026-01-06T12:20:06","slug":"beispiel-seite","status":"publish","type":"page","link":"https:\/\/chorklang.de\/","title":{"rendered":"2026"},"content":{"rendered":"\n<div class=\"wp-block-html5-player-parent\">\n<div data-video-id=\"\" class='wp-block-html5-player-video html5_video_players' class=\"wp-block-html5-player-video\" data-nonce=\"\n    3afdf4cef7\" data-attributes=\"\n    {&quot;imported&quot;:true,&quot;uniqueId&quot;:&quot;h5vp01c87ce9&quot;,&quot;source&quot;:&quot;https:\\\/\\\/chorklang.de\\\/WPHP\\\/wp-content\\\/uploads\\\/2023\\\/03\\\/0.Lehrerchor-Trailer-16-9-1080.mp4&quot;,&quot;options&quot;:{&quot;controls&quot;:[&quot;play&quot;,&quot;progress&quot;,&quot;current-time&quot;,&quot;volume&quot;,&quot;fullscreen&quot;],&quot;settings&quot;:[&quot;captions&quot;,&quot;quality&quot;,&quot;speed&quot;,&quot;loop&quot;],&quot;loadSprite&quot;:true,&quot;autoplay&quot;:true,&quot;seekTime&quot;:10,&quot;volume&quot;:1,&quot;muted&quot;:false,&quot;hideControls&quot;:true,&quot;resetOnEnd&quot;:false,&quot;tooltips&quot;:{&quot;controls&quot;:true,&quot;seek&quot;:true},&quot;captions&quot;:{&quot;active&quot;:false,&quot;language&quot;:&quot;auto&quot;,&quot;update&quot;:true},&quot;ratio&quot;:null,&quot;storage&quot;:{&quot;enabled&quot;:true,&quot;key&quot;:&quot;plyr&quot;},&quot;speed&quot;:{&quot;options&quot;:[&quot;1&quot;,&quot;2&quot;,&quot;3&quot;,&quot;0.5&quot;,&quot;0.75&quot;,&quot;1.25&quot;,&quot;1.5&quot;,&quot;1.75&quot;,&quot;2.5&quot;]},&quot;loop&quot;:{&quot;active&quot;:true},&quot;ads&quot;:{&quot;enabled&quot;:true},&quot;urls&quot;:{&quot;enabled&quot;:false},&quot;markers&quot;:{&quot;enabled&quot;:true,&quot;points&quot;:[]},&quot;preload&quot;:&quot;metadata&quot;,&quot;imported&quot;:true},&quot;features&quot;:{&quot;popup&quot;:{&quot;enabled&quot;:false,&quot;selector&quot;:null,&quot;hasBtn&quot;:false,&quot;type&quot;:&quot;poster&quot;,&quot;btnText&quot;:&quot;Watch Video&quot;,&quot;align&quot;:&quot;center&quot;,&quot;btnStyle&quot;:{&quot;color&quot;:&quot;#fff&quot;,&quot;backgroundColor&quot;:&quot;#006BA1&quot;,&quot;fontSize&quot;:&quot;16px&quot;,&quot;padding&quot;:{&quot;top&quot;:&quot;10px&quot;,&quot;right&quot;:&quot;20px&quot;,&quot;bottom&quot;:&quot;10px&quot;,&quot;left&quot;:&quot;20px&quot;}}},&quot;overlay&quot;:{&quot;enabled&quot;:false,&quot;items&quot;:[{&quot;color&quot;:&quot;#fff&quot;,&quot;backgroundColor&quot;:&quot;#333&quot;,&quot;fontSize&quot;:&quot;16px&quot;,&quot;link&quot;:&quot;&quot;,&quot;logo&quot;:&quot;&quot;,&quot;text&quot;:&quot;Simple Text&quot;,&quot;position&quot;:&quot;top_right&quot;,&quot;type&quot;:&quot;text&quot;,&quot;opacity&quot;:1}]},&quot;endScreen&quot;:{&quot;enabled&quot;:false,&quot;text&quot;:&quot;Simple Text&quot;,&quot;btnText&quot;:&quot;Visit&quot;,&quot;btnLink&quot;:&quot;&quot;,&quot;btnStyle&quot;:[]},&quot;thumbInPause&quot;:{&quot;enabled&quot;:false,&quot;type&quot;:&quot;default&quot;},&quot;watermark&quot;:{&quot;enabled&quot;:false,&quot;type&quot;:&quot;email&quot;,&quot;text&quot;:&quot;&quot;,&quot;color&quot;:&quot;#f00&quot;},&quot;passwordProtected&quot;:{&quot;enabled&quot;:false,&quot;errorMessage&quot;:&quot;Password didn&#039;t matched&quot;,&quot;heading&quot;:&quot;Please Entire the password to access the video&quot;,&quot;button&quot;:{&quot;text&quot;:&quot;Access&quot;,&quot;color&quot;:&quot;#222&quot;,&quot;backgroundColor&quot;:&quot;#ffffffe3&quot;},&quot;key&quot;:&quot;h5vp_lUsJucJrvW&quot;,&quot;password&quot;:null},&quot;sticky&quot;:{&quot;enabled&quot;:false,&quot;position&quot;:&quot;top_right&quot;},&quot;playWhenVisible&quot;:false,&quot;disablePause&quot;:false,&quot;hideYoutubeUI&quot;:false,&quot;startTime&quot;:null,&quot;hideLoadingPlaceholder&quot;:false,&quot;saveState&quot;:false},&quot;styles&quot;:{&quot;plyr_wrapper&quot;:{&quot;width&quot;:&quot;&quot;},&quot;plyr&quot;:{&quot;borderRadius&quot;:&quot;0px&quot;},&quot;.plyr&quot;:{&quot;--plyr-color-main&quot;:&quot;#00b2ff&quot;}},&quot;width&quot;:{&quot;number&quot;:50,&quot;unit&quot;:&quot;%&quot;,&quot;isDeprecated&quot;:true},&quot;autoplay&quot;:true,&quot;provider&quot;:&quot;self-hosted&quot;,&quot;poster&quot;:&quot;&quot;,&quot;onlyLoggedIn&quot;:{&quot;whoCanSeeThisVideo&quot;:&quot;everyone&quot;,&quot;allowedRoles&quot;:[],&quot;message&quot;:&quot;This video is only for registered users. Please login to watch the video.&quot;},&quot;seo&quot;:{&quot;title&quot;:&quot;&quot;,&quot;description&quot;:&quot;&quot;,&quot;duration&quot;:&quot;&quot;},&quot;quality&quot;:[],&quot;subtitle&quot;:[{&quot;label&quot;:&quot;English\\\/en&quot;,&quot;caption_file&quot;:&quot;&quot;}],&quot;thumbInPause&quot;:false,&quot;hideYoutubeUI&quot;:false,&quot;autoplayWhenVisible&quot;:false,&quot;CSS&quot;:&quot;&quot;,&quot;isCDURL&quot;:false,&quot;posterTime&quot;:20,&quot;chapters&quot;:[],&quot;controls&quot;:{&quot;play-large&quot;:true,&quot;restart&quot;:false,&quot;rewind&quot;:false,&quot;play&quot;:true,&quot;fast-forward&quot;:false,&quot;progress&quot;:true,&quot;current-time&quot;:true,&quot;duration&quot;:false,&quot;mute&quot;:true,&quot;volume&quot;:true,&quot;pip&quot;:false,&quot;airplay&quot;:false,&quot;settings&quot;:true,&quot;downlaod&quot;:false,&quot;fullscreen&quot;:true},&quot;brandColor&quot;:&quot;#00B3FF&quot;,&quot;radius&quot;:{&quot;number&quot;:0,&quot;unit&quot;:&quot;px&quot;},&quot;repeat&quot;:false,&quot;muted&quot;:false,&quot;sticky&quot;:false,&quot;stickyPosition&quot;:&quot;top-right&quot;,&quot;popup&quot;:false,&quot;popupType&quot;:&quot;button&quot;,&quot;playsinline&quot;:false,&quot;popupBtnStyle&quot;:[],&quot;popupBtnText&quot;:&quot;Watch Video&quot;,&quot;disablePause&quot;:false,&quot;thumbStyle&quot;:&quot;default&quot;,&quot;resetOnEnd&quot;:false,&quot;autoHideControl&quot;:true,&quot;protected&quot;:false,&quot;protectedText&quot;:&quot;Please enter password to wath the video&quot;,&quot;seekTime&quot;:10,&quot;startTime&quot;:0,&quot;preload&quot;:&quot;metadata&quot;,&quot;overlay&quot;:false,&quot;overlayType&quot;:&quot;text&quot;,&quot;overlayText&quot;:&quot;Simple Text&quot;,&quot;overlayPosition&quot;:&quot;top_right&quot;,&quot;overlayBackground&quot;:&quot;#333&quot;,&quot;overlayOpacity&quot;:0.8000000000000000444089209850062616169452667236328125,&quot;overlayTextColor&quot;:&quot;#ffffff&quot;,&quot;overlayFontSize&quot;:{&quot;number&quot;:20,&quot;unit&quot;:&quot;px&quot;},&quot;overlayTextHoverColor&quot;:&quot;#ffffff&quot;,&quot;endScreen&quot;:{&quot;enabled&quot;:false,&quot;text&quot;:&quot;Simple Text&quot;,&quot;btnText&quot;:&quot;Click Here&quot;,&quot;btnLink&quot;:&quot;&quot;,&quot;btnStyle&quot;:[]},&quot;endscreen&quot;:false,&quot;endscreenText&quot;:&quot;Endscreen text&quot;,&quot;endscreenTextLink&quot;:&quot;#&quot;,&quot;streaming&quot;:false,&quot;streamingType&quot;:&quot;hls&quot;,&quot;speed&quot;:{&quot;1&quot;:true,&quot;2&quot;:true,&quot;3&quot;:true,&quot;0.5&quot;:true,&quot;0.75&quot;:true,&quot;1.25&quot;:true,&quot;1.5&quot;:true,&quot;1.75&quot;:true,&quot;2.5&quot;:true},&quot;captionEnabled&quot;:false,&quot;saveState&quot;:false}\" data-preset=\"\n    null\">\n            <style>\n            .preload_poster svg {\n                background: var(--plyr-video-control-background-hover, var(--plyr-color-main, var(--plyr-color-main,\n                                #1ABAFF                            )));\n                border: 0;\n                border-radius: 100%;\n                left: 50%;\n                opacity: .9;\n                padding: calc(var(--plyr-control-spacing, 8px) * 1.5);\n                position: absolute;\n                top: 50%;\n                transform: translate(-50%, -50%);\n                transition: .3s;\n                z-index: 2;\n                box-sizing: content-box;\n                fill: #fff;\n            }\n\n            .preload_poster {\n                display:\n                    block            }\n        <\/style>\n        <div class=\"preload_poster\"\n            style=\"overflow:hidden;aspect-ratio:16\/9;background-image:url()\">\n            <svg width=\"24px\" height=\"24px\" viewBox=\"0 0 15 15\" fill=\"none\" xmlns=\"http:\/\/www.w3.org\/2000\/svg\">\n                <path\n                    d=\"M4.79062 2.09314C4.63821 1.98427 4.43774 1.96972 4.27121 2.05542C4.10467 2.14112 4 2.31271 4 2.5V12.5C4 12.6873 4.10467 12.8589 4.27121 12.9446C4.43774 13.0303 4.63821 13.0157 4.79062 12.9069L11.7906 7.90687C11.922 7.81301 12 7.66148 12 7.5C12 7.33853 11.922 7.18699 11.7906 7.09314L4.79062 2.09314Z\" \/>\n            <\/svg>\n        <\/div>\n        <\/div><\/div>\n\n<h6 style=\"text-align: center;\">Musik: Leipziger Lehrerchor e.V. | Moritz Hauptmann | Im Sommer | Quelle: cpdl.org | CPDL &#8211; Creative Commons Attribution Non Commercial 3.0 | Notenquelle C.F. Peters, n.d.[1840]. Plate 2735<\/h6>\n<p>&nbsp;<\/p>\n<h1 style=\"text-align: center;\"><span style=\"color: #075e77;\"><b>Unsere n\u00e4chsten Konzerte<\/b><\/span><\/h1>\n<h4 style=\"text-align: center;\"><span style=\"color: #075e77;\"><b>Jetzt aktuell und \u00fcbersichtlich auf der Startseite<\/b><\/span><\/h4>\n<h4>Weitere Konzerte und Auftritte sind in Vorbereitung. Der Konzertkalender wird st\u00e4ndig aktualisiert. Und vielleicht ist ja dann auch ein Konzert in Ihrer N\u00e4he dabei.<\/h4>\n<h4>Kartenbestellungen f\u00fcr unsere Konzerte werden auch unter Tel.: 0171 \/ 881 40 38 oder per E-Mail entgegengenommen. Bitte nutzen Sie daf\u00fcr den jeweiligen Link in der Veranstaltungsinformation, der mit Beginn des Kartenvorverkaufs verf\u00fcgbar sein wird. Nach erfolgter Reservierung erhalten Sie eine Best\u00e4tigungsmail. Die Karten liegen dann am Konzerttag an der Abendkasse f\u00fcr Sie zur Abholung bereit. Sollten Sie die Karten vorab ben\u00f6tigen, vermerken Sie das bitte in Ihrer E-Mail oder oder bestellen Sie telefonisch.<\/h4>\n<h4><\/h4>\n<h1 style=\"text-align: center;\"><span style=\"color: #075e77;\"><b><img loading=\"lazy\" decoding=\"async\" src=\"https:\/\/chorklang.de\/WPHP\/wp-content\/uploads\/2025\/07\/Logo2-150Jahre-neu.png\" alt=\"150 Jahre Leipziger Lehrergesang\" width=\"1000\" height=\"112\" \/><\/b><\/span><\/h1>\n<h1 style=\"text-align: center;\"><span style=\"color: #075e77;\"><b>2026 &#8211; Das Jubil\u00e4umsjahr<\/b><\/span><\/h1>\n<h4><div id=\"vsel\" class=\"vsel-shortcode vsel-shortcode-upcoming-events\"><div id=\"event-743\" class=\"vsel-content vsel-upcoming vsel-future\"><div class=\"vsel-meta vsel-alignleft\" style=\"width:36%;\"><h3 class=\"vsel-meta-title\">Sommerkonzert<\/h3><div class=\"vsel-meta-date vsel-meta-single-date\">Datum: <span>30. Mai 2026<\/span><\/div><div class=\"vsel-meta-time\">Uhrzeit: <span>17:00<\/span><\/div><div class=\"vsel-meta-location\">Ort: <span>Kirche M\u00f6lkau<\/span><\/div><\/div><div class=\"vsel-info vsel-alignright\" style=\"width:60%;\"><div class=\"vsel-text\"><p><img loading=\"lazy\" decoding=\"async\" src=\"https:\/\/chorklang.de\/WPHP\/wp-content\/uploads\/2026\/04\/Konzertflyer-zwei-2-700.png\" alt=\"Sommerkonzert\" width=\"433\" height=\"600\" \/><\/p>\n<\/div><\/div><\/div><div id=\"event-731\" class=\"vsel-content vsel-upcoming vsel-future\"><div class=\"vsel-meta vsel-alignleft\" style=\"width:36%;\"><h3 class=\"vsel-meta-title\">Passagensingen des Leipziger Chorverbands<\/h3><div class=\"vsel-meta-date vsel-meta-single-date\">Datum: <span>6. Juni 2026<\/span><\/div><div class=\"vsel-meta-time\">Uhrzeit: <span>11:00 - 15:00<\/span><\/div><div class=\"vsel-meta-location\">Ort: <span>Passagen in der Leipziger Innenstadt<\/span><\/div><\/div><div class=\"vsel-info vsel-alignright\" style=\"width:60%;\"><div class=\"vsel-text\"><h2>Teilnahme am 8. PASSAGENSINGEN des Leipziger Chorverbands in den Passagen der Leipziger Innenstadt.<\/h2>\n<p>&nbsp;<\/p>\n<\/div><\/div><\/div><div id=\"event-737\" class=\"vsel-content vsel-upcoming vsel-future\"><div class=\"vsel-meta vsel-alignleft\" style=\"width:36%;\"><h3 class=\"vsel-meta-title\">Sommerkonzert<\/h3><div class=\"vsel-meta-date vsel-meta-single-date\">Datum: <span>14. Juni 2026<\/span><\/div><div class=\"vsel-meta-time\">Uhrzeit: <span>17:00<\/span><\/div><div class=\"vsel-meta-location\">Ort: <span>Kirche Liebertwolkwitz<\/span><\/div><\/div><div class=\"vsel-info vsel-alignright\" style=\"width:60%;\"><div class=\"vsel-text\"><p><img loading=\"lazy\" decoding=\"async\" src=\"https:\/\/chorklang.de\/WPHP\/wp-content\/uploads\/2026\/04\/Konzertflyer-zwei-2-700.png\" alt=\"Vorank\u00fcndigung\" width=\"433\" height=\"600\" \/><\/p>\n<\/div><\/div><\/div><div id=\"event-744\" class=\"vsel-content vsel-upcoming vsel-future\"><div class=\"vsel-meta vsel-alignleft\" style=\"width:36%;\"><h3 class=\"vsel-meta-title\">JUBIL\u00c4UMSKONZERT<\/h3><div class=\"vsel-meta-date vsel-meta-single-date\">Datum: <span>2. Oktober 2026<\/span><\/div><div class=\"vsel-meta-time vsel-meta-all-day\">Ganzt\u00e4giges Event<\/div><div class=\"vsel-meta-location\">Ort: <span>Alte B\u00f6rse am Naschmarkt<\/span><\/div><\/div><div class=\"vsel-info vsel-alignright\" style=\"width:60%;\"><div class=\"vsel-text\"><p><img loading=\"lazy\" decoding=\"async\" src=\"https:\/\/chorklang.de\/WPHP\/wp-content\/uploads\/2026\/01\/Jubilaeum.jpg\" alt=\"Das Jubil\u00e4umskonzert\" width=\"411\" height=\"600\" \/><\/p>\n<p>INFORMATIONEN zu unseren Jubil\u00e4umsfeierlichkeiten folgen in K\u00fcrze!<\/p>\n<\/div><\/div><\/div><div id=\"event-746\" class=\"vsel-content vsel-upcoming vsel-future\"><div class=\"vsel-meta vsel-alignleft\" style=\"width:36%;\"><h3 class=\"vsel-meta-title\">Adventskonzert<\/h3><div class=\"vsel-meta-date vsel-meta-single-date\">Datum: <span>18. Dezember 2026<\/span><\/div><div class=\"vsel-meta-time\">Uhrzeit: <span>17:00<\/span><\/div><div class=\"vsel-meta-location\">Ort: <span>Marienkirche Leipzig St\u00f6tteritz<\/span><\/div><div class=\"vsel-meta-link\"><a href=\"https:\/\/marienkirche-leipzig.de\/\" rel=\"noopener noreferrer\" rel=\"noopener noreferrer\" target=\"_blank\" title=\"https:\/\/marienkirche-leipzig.de\/\">Weitere Informationen<\/a><\/div><\/div><div class=\"vsel-info vsel-alignright\" style=\"width:60%;\"><div class=\"vsel-text\"><p><img loading=\"lazy\" decoding=\"async\" src=\"https:\/\/chorklang.de\/WPHP\/wp-content\/uploads\/2026\/01\/creation_1912550436.png\" alt=\"\" width=\"450\" height=\"600\" \/><\/p>\n<p>Das FAMILIENKONZERT am Nachmittag mit angepasstem Programm zum Mitsingen f\u00fcr Gro\u00df und Klein!<\/p>\n<\/div><\/div><\/div><div id=\"event-759\" class=\"vsel-content vsel-upcoming vsel-future\"><div class=\"vsel-meta vsel-alignleft\" style=\"width:36%;\"><h3 class=\"vsel-meta-title\">Adventskonzert<\/h3><div class=\"vsel-meta-date vsel-meta-single-date\">Datum: <span>18. Dezember 2026<\/span><\/div><div class=\"vsel-meta-time\">Uhrzeit: <span>19:30 - 20:15<\/span><\/div><div class=\"vsel-meta-location\">Ort: <span>Marienkirche Leipzig St\u00f6tteritz<\/span><\/div><div class=\"vsel-meta-link\"><a href=\"https:\/\/marienkirche-leipzig.de\/\" rel=\"noopener noreferrer\" rel=\"noreferrer\" target=\"_self\" title=\"https:\/\/marienkirche-leipzig.de\/\">Weitere Informationen<\/a><\/div><\/div><div class=\"vsel-info vsel-alignright\" style=\"width:60%;\"><div class=\"vsel-text\"><h4>Das traditionelle, stimmungsvolle Abendkonzert zur Weihnachtszeit.<\/h4>\n<p><img loading=\"lazy\" decoding=\"async\" src=\"https:\/\/chorklang.de\/WPHP\/wp-content\/uploads\/2026\/01\/pikaso_texttoimage_Rich-textured-brushstrokes-with-deep-colors-and-a-24.jpeg\" alt=\"\" width=\"433\" height=\"600\" \/><\/p>\n<\/div><\/div><\/div><div id=\"event-760\" class=\"vsel-content vsel-upcoming vsel-future\"><div class=\"vsel-meta vsel-alignleft\" style=\"width:36%;\"><h3 class=\"vsel-meta-title\">Adventskonzert<\/h3><div class=\"vsel-meta-date vsel-meta-single-date\">Datum: <span>19. Dezember 2026<\/span><\/div><div class=\"vsel-meta-time\">Uhrzeit: <span>19:30 - 21:00<\/span><\/div><div class=\"vsel-meta-location\">Ort: <span>Altes Rathaus Leipzig<\/span><\/div><\/div><div class=\"vsel-info vsel-alignright\" style=\"width:60%;\"><div class=\"vsel-text\"><h4>Das traditionelle, stimmungsvolle Abendkonzert zur Weihnachtszeit.<\/h4>\n<p><img loading=\"lazy\" decoding=\"async\" src=\"https:\/\/chorklang.de\/WPHP\/wp-content\/uploads\/2026\/01\/pikaso_texttoimage_Rich-textured-brushstrokes-with-deep-colors-and-a-24.jpeg\" alt=\"\" width=\"433\" height=\"600\" \/><\/p>\n<\/div><\/div><\/div><div class=\"vsel-nav\"><\/div><\/div><\/h4>\n<h4 style=\"text-align: center;\"><span style=\"color: #075e77;\"><b>&#8212;&#8212;&#8212;&#8212;&#8212;&#8212;&#8212;&#8212;&#8212;&#8212;&#8212;&#8212;&#8212;&#8212;&#8212;&#8212;&#8212;&#8212;&#8212;&#8212;&#8212;&#8212;&#8212;&#8212;<\/b><\/span><\/h4>\n<h4><b>IN EIGENER SACHE: <\/b><\/h4>\n<h4><b>WIR SUCHEN DICH!<br \/>\n<\/b><\/h4>\n<h4>Du hast Spa\u00df am Chorgesang und w\u00fcrdest gerne selber singen? Jetzt ist der richtige Zeitpunkt damit zu beginnen!<\/h4>\n<h4>Du suchst schon l\u00e4nger nach einem Chor in dem konzentriert geprobt wird, der Spa\u00df aber nicht zu kurz kommt?<\/h4>\n<h4>Nach einem Chor mit einem breiten, anspruchsvollen Repertoire, das vom 14. bis zum 21. Jahrhundert, vom A-cappella-Liedsatz bis zur Messe reicht, bei dem Reisen ins In- und Ausland ebenso zum Vereinsleben geh\u00f6ren wie gemeinsame Feiern oder regelm\u00e4\u00dfige Probenwochenenden? Nach einem Chor, in dem von &#8222;Some people like sex&#8220; von Giles Swayne bis zu Beethoven&#8217;s &#8222;Ode an die Freude&#8220;, von Thomas Tallis bis Einojuhani Rautavaara musikalisch alles m\u00f6glich ist?<\/h4>\n<h4>Dann seid ihr bei uns genau richtig!<\/h4>\n<h4><b>Kommt zu einem der traditionsreichsten Amateurch\u00f6re in Leipzig &#8211; KOMMT ZU UNS!<\/b><\/h4>\n<h4>Wir freuen uns immer \u00fcber neue S\u00e4ngerinnen und S\u00e4nger! Wir freuen uns auf Euch!<\/h4>\n<h4>Schreibt zur schnellen Kontaktaufnahme einfach eine E-Mail an kontakt\/at\/chorklang.de oder ruft an unter 0171 \/ 881 40 38.<\/h4>\n<h4><b>Wir starten durch! Vielleicht auch mit Dir?<\/b><\/h4>\n<h4 style=\"text-align: center;\"><span style=\"color: #075e77;\"><b>&#8212;&#8212;&#8212;&#8212;&#8212;&#8212;&#8212;&#8212;&#8212;&#8212;&#8212;&#8212;&#8212;&#8212;&#8212;&#8212;&#8212;&#8212;&#8212;&#8212;&#8212;&#8212;&#8212;&#8212;<\/b><\/span><\/h4>\n<h1 style=\"text-align: center;\"><\/h1>\n<p>&nbsp;<\/p>\n<h5><\/h5>\n","protected":false},"excerpt":{"rendered":"<p>Das traditionelle, stimmungsvolle Abendkonzert zur Weihnachtszeit.<\/p>\n","protected":false},"author":1,"featured_media":0,"parent":0,"menu_order":0,"comment_status":"closed","ping_status":"closed","template":"","meta":{"footnotes":""},"class_list":["post-2","page","type-page","status-publish","hentry"],"_links":{"self":[{"href":"https:\/\/chorklang.de\/index.php?rest_route=\/wp\/v2\/pages\/2","targetHints":{"allow":["GET"]}}],"collection":[{"href":"https:\/\/chorklang.de\/index.php?rest_route=\/wp\/v2\/pages"}],"about":[{"href":"https:\/\/chorklang.de\/index.php?rest_route=\/wp\/v2\/types\/page"}],"author":[{"embeddable":true,"href":"https:\/\/chorklang.de\/index.php?rest_route=\/wp\/v2\/users\/1"}],"replies":[{"embeddable":true,"href":"https:\/\/chorklang.de\/index.php?rest_route=%2Fwp%2Fv2%2Fcomments&post=2"}],"version-history":[{"count":19,"href":"https:\/\/chorklang.de\/index.php?rest_route=\/wp\/v2\/pages\/2\/revisions"}],"predecessor-version":[{"id":742,"href":"https:\/\/chorklang.de\/index.php?rest_route=\/wp\/v2\/pages\/2\/revisions\/742"}],"wp:attachment":[{"href":"https:\/\/chorklang.de\/index.php?rest_route=%2Fwp%2Fv2%2Fmedia&parent=2"}],"curies":[{"name":"wp","href":"https:\/\/api.w.org\/{rel}","templated":true}]}}