{"id":467,"date":"2020-07-24T12:25:48","date_gmt":"2020-07-24T10:25:48","guid":{"rendered":"https:\/\/chorklang.de\/?page_id=467"},"modified":"2020-07-24T12:25:48","modified_gmt":"2020-07-24T10:25:48","slug":"die-letzten-jahre","status":"publish","type":"page","link":"https:\/\/chorklang.de\/?page_id=467","title":{"rendered":"Die letzten Jahre"},"content":{"rendered":"<h1><b>2019 &#8211; SINGEN MUSS SPA\u00df MACHEN&#8230;<br \/>\n<\/b><\/h1>\n<h1>&#8230;und Freude geben!<\/h1>\n<h5>Auf Grund einer kurzfristigen Absage unseres potentiellen Konzertpartners, k\u00f6nnen wir unsere beliebte Konzertreihe <strong>&#8222;Old trifft School&#8220; <\/strong>mit Ensembles aus Leipziger Schulen in diesem Jahr nicht fortsetzen und mussten unsere Planungen noch einmal umstellen.<\/h5>\n<h5>Aber nat\u00fcrlich haben wir auch in diesem Jahr wieder ein attraktives und abwechslungsreiches Konzertprogramm f\u00fcr unser Publikum zusammengestellt und neben einigen <strong>Benefizkonzerten und Auftritten in sozialen Einrichtungen <\/strong>auch<strong> zwei Sommerkonzerte<\/strong> und unsere<strong> traditionellen Konzerte in der Adventszeit<\/strong> in Planung.<\/h5>\n<h5>Entgegen der bereits ver\u00f6ffentlichten Konzertinformation werden wir das <strong>Konzert am 26. Mai <\/strong>in der <strong>Kultur- und Begegnungsst\u00e4tte Ariowitsch-Haus <\/strong>als Auftakt unseres Konzertjahrs alleine bestreiten. Freuen Sie sich auf einen abwechslungsreichen <strong>CHOR | KLANG | MIX<\/strong>. Ein zweites <strong>Sommerkonzert<\/strong> mit leicht ver\u00e4ndertem Programm ist im <strong>Juni in der Kirche Sommerfeld<\/strong> vorgesehen.<\/h5>\n<h5>Weitere Konzerte und Auftritte sind in Planung. Die aktuelle \u00dcbersicht mit weiterf\u00fchrenden Informationen zu unseren Konzerten finden Sie nach Abschluss der Vorbereitungen immer tagesaktuell in unserem Konzertkalender.<\/h5>\n<p>&nbsp;<\/p>\n<h1><b>2018 &#8211; SINGE WEM GESANG GEGEBEN<\/b><\/h1>\n<h1>Auf ein Neues&#8230;<\/h1>\n<h5>Auch in diesem Jahr k\u00f6nnen wir unserem Publikum wieder einen recht vollen Konzertkalender anbieten, auch in diesem Jahr werden wir unsere Konzertreihe <strong>&#8222;Old trifft School&#8220; <\/strong>mit zwei Konzerten im Juni und in der Adventszeit fortsetzen und auch in diesem Jahr werden wir wieder\u00a0ein paar besondere St\u00fccke in unseren Konzerten zur Auff\u00fchrung bringen.<\/h5>\n<h5>Im Mai beginnen wir unser Konzertjahr mit einem <strong>Benefizkonzert f\u00fcr die Kirche Tellsch\u00fctz<\/strong>.<strong>\u00a0<\/strong> Im Juni folgt dann das nun schon fast traditionelle <strong>Gemeinschaftsonzert mit Ensembles aus Leipziger Schulen <\/strong>in der <strong>Kultur- und Begegnungsst\u00e4tte Ariowitsch-Haus,<\/strong> bevor wir das erste Halbjahr mit der Teilnahme an der <strong>Langen Nacht der Ch\u00f6re<\/strong> anl\u00e4sslich es <strong>2. Europ\u00e4ischen Chorfestivals <\/strong>im <strong>V\u00f6lkerschlachtdenkmal <\/strong>abschlie\u00dfen und uns an die Vorbereitung unserer <strong>traditionellen Adventskonzerte <\/strong>machen.<\/h5>\n<h5>Weitere Konzerte und Auftritte sind in Planung. Die aktuelle \u00dcbersicht mit weiterf\u00fchrenden Informationen zu unseren Konzerten finden Sie nach Abschluss der Vorbereitungen immer tagesaktuell in unserem Konzertkalender.<\/h5>\n<h5><strong>ACHTUNG:<\/strong> <strong>Leider m\u00fcssen wir mitteilen, dass das Konzert des<\/strong>\u00a0<strong><a href=\"http:\/\/www.cairo-symphony.com\/\" target=\"_blank\" rel=\"noopener noreferrer\">CAIRO SYMPHONY ORCHESTRA<\/a> am 7. April 2018 im\u00a0 <\/strong><strong>Paulinum der Universit\u00e4t Leipzig gestern vom Veranstalter ersatzlos abgesagt wurde.<\/strong><\/h5>\n<h5><strong>Das Cairo Symphony Orchestra teilt mit, dass bereits erworbene Eintrittskarten zur\u00fcckerstattet werden. Wenden Sie sich dazu bitte ausschlie\u00dflich an Ihre Vorverkaufsstelle oder direkt an den Veranstalter. Die Kontaktdaten der offiziellen Vorverkaufsstelle CULTON-Ticket finden Sie auf dem unten stehenden Konzertplakat. <\/strong><\/h5>\n<h5><strong>Der Leipziger Lehrerchor hat, als Mitwirkender des Konzerts, keinen Einflu\u00df auf die Art und Weise der Abwicklung der Erstattung!\u00a0 Diese obliegt ausschlie\u00dflich dem Veranstalter Cairo Symphony Orchestra.<br \/>\n<\/strong><\/h5>\n<p>&nbsp;<\/p>\n<p><img loading=\"lazy\" decoding=\"async\" class=\"aligncenter size-full wp-image-335\" src=\"http:\/\/chorklang.de\/WPHP\/wp-content\/uploads\/2018\/03\/Plakat-Cairo-symphony-orchestra-abgesagt.jpg\" alt=\"\" width=\"400\" height=\"600\" srcset=\"https:\/\/chorklang.de\/WPHP\/wp-content\/uploads\/2018\/03\/Plakat-Cairo-symphony-orchestra-abgesagt.jpg 400w, https:\/\/chorklang.de\/WPHP\/wp-content\/uploads\/2018\/03\/Plakat-Cairo-symphony-orchestra-abgesagt-200x300.jpg 200w\" sizes=\"auto, (max-width: 400px) 100vw, 400px\" \/><\/p>\n<p>&nbsp;<\/p>\n<h1><b>2017 &#8211; ES WIRD EREIGNISREICH!<\/b><\/h1>\n<p><strong>Das Jahr nach dem Jubil\u00e4um &#8211; Ein kurzer \u00dcberblick.<\/strong><\/p>\n<h5>Eigentlich, aber nur eigentlich, wollten wir es ja erst einmal etwas ruhiger angehen &#8211; das Jahr nach den Feierlichkeiten zum 140. Jubil\u00e4um&#8230;<\/h5>\n<h5>Dann haben wir uns an die Planung gemacht und herausgekommen ist ein voller Konzertkalender, der wieder einige musikalische H\u00f6hepunkte bereit h\u00e4lt. So werden wir unsere im letzten Jahr gestartete Konzertreihe <strong>&#8222;Old trifft School&#8220; <\/strong>mit zwei Konzerten im Mai und in der Adventszeit fortsetzen.<\/h5>\n<h5>In Vorbereitung unserer <strong>Konzertreise nach Richmond<\/strong> wird es im Juni ein gro\u00dfes <strong>Sommerkonzert <\/strong>in der <strong>Kultur- und Begegnungsst\u00e4tte Ariowitsch-Haus<\/strong> geben und im Herbst stehen zwei gro\u00dfe Gemeinschaftskonzerte auf dem Programm. Gemeinsam mit dem <strong>Kammerchor B\u00f6hlen<\/strong>, werden wir am <strong>23. September 2017 Carl Orffs &#8222;Carmina Burana&#8220;<\/strong> auff\u00fchren und am<strong> 9. Oktober 2017<\/strong> sind wir auf Einladung der <strong>Philharmonie Leipzig<\/strong> erneut am &#8222;Festkonzert zum Jahrestag der Friedlichen Revolution&#8220; beteiligt.<\/h5>\n<h5>In der Advents- und Weihnachtszeit stehen dann unsere allj\u00e4hrlichen Konzerte an den traditionellen Auftrittsorten auf dem Programm. In diesem Jahr kommt dabei das <strong>&#8222;Gloria in D-Dur&#8220; von Antonio Vivaldi<\/strong> zur Auff\u00fchrung.<\/h5>\n<h5><strong>Der Kartenvorverkauf f\u00fcr unsere Adventskonzerte hat bereits begonnen.<\/strong><\/h5>\n<h5>Die erweiterte \u00dcbersicht und die aktuellen Informationen zu unseren Konzerten finden Sie wie immer in unserem Konzertkalender.<\/h5>\n<p>&nbsp;<\/p>\n<h1><b>2016 &#8211; WIR HABEN WAS ZU FEIERN!<\/b><\/h1>\n<p><strong>140. Jahre Leipziger Lehrerchor &#8211; Unsere Konzerte zum Abschluss des Jubil\u00e4umsjahrs.<\/strong><\/p>\n<h5>Unser Jubil\u00e4umsjahr geht langsam zu Ende.<br \/>\nUm das Jahr w\u00fcrdig ausklingen zu lassen, haben wir aber auch diesmal wieder ein besonderes St\u00fcck Chormusik in das Programm unserer Konzerte in der Advents- und Weihnachtszeit aufgenommen. Als Hauptst\u00fcck wird in diesem Jahr <strong>Navidad Nuestra<\/strong> von <strong>Ariel Ramirez<\/strong> zur Auff\u00fchrung kommen. Dieses St\u00fcck wird auch am <strong>16. Dezember <\/strong>beim diesj\u00e4hrigen Abschlusskonzert unserer Konzertreihe<strong> &#8222;Old trifft School&#8220;<\/strong>\u00a0 in der <strong>Vers\u00f6hnungskirche Leipzig-Gohlis<\/strong> zu h\u00f6ren sein, dass wir gemeinsam mit den <strong>Ch\u00f6ren des Leibniz-Gymnasiums<\/strong> gestalten werden.<\/h5>\n<h5>Unsere traditionellen Adventskonzerte finden dann am <strong>20. Dezember im Alten Rathaus<\/strong> und am <strong>21. Dezember in der Marienkirche Leipzig-St\u00f6tteritz<\/strong> statt.<\/h5>\n<h5>Genauere Informationen zu diesen und allen anderen Konzerten finden Sie immer aktuell in unserem Konzertkalender.<\/h5>\n<h5>Au\u00dferdem freuen wir uns, schon heute ank\u00fcndigen zu k\u00f6nnen, dass unsere erfolgreiche Konzertreihe <strong>&#8222;Old trifft School &#8211; Gemeinsam musizieren-Der Leipziger Lehrerchor l\u00e4dt ein&#8230;&#8220; <\/strong>mit Ch\u00f6ren und Ensembles aus Leipziger Schulen im Jahr 2017 fortgesetzt wird<\/h5>\n<h3><strong>140. Jahre Leipziger Lehrerchor &#8211; 140 Jahre gemeinsam singen.<\/strong><\/h3>\n<h5>Weil Jubil\u00e4en immer etwas besonderes sind, starten wir schon mal mit einem neuen Webauftritt ins Neue Jahr.<br \/>\nAber auch musikalisch haben wir uns in diesem Jahr etwas besonderes einfallen lassen!<br \/>\nUnter dem Titel<strong> &#8222;Gemeinsam musizieren &#8211; Der Leipziger Lehrerchor l\u00e4dt ein&#8230;&#8220;<\/strong> werden wir <strong>im Fr\u00fchjahr<\/strong> mit einer Reihe von Konzerten beginnen,<br \/>\nzu denen wir uns Ch\u00f6re und Ensembles aus Leipziger Schulen einladen. F\u00fcr das erste Konzert haben wir den <strong>Chor des Johannes-Kepler-Gymnasiums<\/strong> eingeladen, Konzerte mit dem <strong>Ensemble des Wilhelm-Ostwald-Gymnasiums<\/strong> und des <strong>Leibniz-Gymnasiums<\/strong> werden in diesem Jahr folgen. Weitere Konzerte sind f\u00fcr die n\u00e4chsten Jahre vorgesehen.<\/h5>\n<h5>Und da uns in diesem Jahr etwas mehr nach einladen und feiern zumute ist, kommt hier gleich ein weiteres musikalisches Highlight. <strong>Am 1. Mai<\/strong> werden wir ein gemeinsames Konzert mit dem <strong>Richmond Community Choir<\/strong> aus England gestalten.<\/h5>\n<h5>H\u00f6hepunkt des Jubil\u00e4umsjahres wird dann das gro\u00dfe <strong>Festkonzert am 10. September 2016<\/strong> sein, bei dem wir St\u00fccke aus dem vielseitigen Repertoire der langen Chorgeschichte zu Geh\u00f6r bringen werden.<\/h5>\n","protected":false},"excerpt":{"rendered":"<p>2019 &#8211; SINGEN MUSS SPA\u00df MACHEN&#8230;<\/p>\n<p>&#8230;und Freude geben!<br \/>\nAuf Grund einer kurzfristigen Absage unseres potentiellen Konzertpartners, k\u00f6nnen wir unsere beliebte Konzertreihe &#8222;Old trifft School&#8220; mit Ensembles aus Leipziger Schulen in diesem Jahr nicht fortsetzen und mussten unsere Planungen noch einmal umstellen.<br \/>\nAber nat\u00fcrlich haben wir auch in diesem Jahr wieder ein attraktives und <\/p>\n","protected":false},"author":1,"featured_media":0,"parent":0,"menu_order":0,"comment_status":"closed","ping_status":"closed","template":"","meta":{"footnotes":""},"class_list":["post-467","page","type-page","status-publish","hentry"],"_links":{"self":[{"href":"https:\/\/chorklang.de\/index.php?rest_route=\/wp\/v2\/pages\/467","targetHints":{"allow":["GET"]}}],"collection":[{"href":"https:\/\/chorklang.de\/index.php?rest_route=\/wp\/v2\/pages"}],"about":[{"href":"https:\/\/chorklang.de\/index.php?rest_route=\/wp\/v2\/types\/page"}],"author":[{"embeddable":true,"href":"https:\/\/chorklang.de\/index.php?rest_route=\/wp\/v2\/users\/1"}],"replies":[{"embeddable":true,"href":"https:\/\/chorklang.de\/index.php?rest_route=%2Fwp%2Fv2%2Fcomments&post=467"}],"version-history":[{"count":0,"href":"https:\/\/chorklang.de\/index.php?rest_route=\/wp\/v2\/pages\/467\/revisions"}],"wp:attachment":[{"href":"https:\/\/chorklang.de\/index.php?rest_route=%2Fwp%2Fv2%2Fmedia&parent=467"}],"curies":[{"name":"wp","href":"https:\/\/api.w.org\/{rel}","templated":true}]}}