{"id":48,"date":"2015-06-22T17:43:16","date_gmt":"2015-06-22T15:43:16","guid":{"rendered":"http:\/\/chorklang.de\/WPHP\/?page_id=48"},"modified":"2026-01-06T14:12:24","modified_gmt":"2026-01-06T13:12:24","slug":"konzertkalender","status":"publish","type":"page","link":"https:\/\/chorklang.de\/?page_id=48","title":{"rendered":"Konzertkalender"},"content":{"rendered":"<p>&nbsp;<\/p>\n<h1><span style=\"color: #075e77;\"><b>2026<\/b><\/span><\/h1>\n<p>&nbsp;<\/p>\n<div id=\"vsel\" class=\"vsel-shortcode vsel-shortcode-upcoming-events\"><div id=\"event-743\" class=\"vsel-content vsel-upcoming vsel-future\"><div class=\"vsel-meta vsel-alignleft\" style=\"width:36%;\"><h3 class=\"vsel-meta-title\">Sommerkonzert<\/h3><div class=\"vsel-meta-date vsel-meta-single-date\">Datum: <span>30. Mai 2026<\/span><\/div><div class=\"vsel-meta-time\">Uhrzeit: <span>17:00<\/span><\/div><div class=\"vsel-meta-location\">Ort: <span>Kirche M\u00f6lkau<\/span><\/div><\/div><div class=\"vsel-info vsel-alignright\" style=\"width:60%;\"><div class=\"vsel-text\"><p><img loading=\"lazy\" decoding=\"async\" src=\"https:\/\/chorklang.de\/WPHP\/wp-content\/uploads\/2026\/04\/Konzertflyer-zwei-2-700.png\" alt=\"Sommerkonzert\" width=\"433\" height=\"600\" \/><\/p>\n<\/div><\/div><\/div><div id=\"event-731\" class=\"vsel-content vsel-upcoming vsel-future\"><div class=\"vsel-meta vsel-alignleft\" style=\"width:36%;\"><h3 class=\"vsel-meta-title\">Passagensingen des Leipziger Chorverbands<\/h3><div class=\"vsel-meta-date vsel-meta-single-date\">Datum: <span>6. Juni 2026<\/span><\/div><div class=\"vsel-meta-time\">Uhrzeit: <span>11:00 - 15:00<\/span><\/div><div class=\"vsel-meta-location\">Ort: <span>Passagen in der Leipziger Innenstadt<\/span><\/div><\/div><div class=\"vsel-info vsel-alignright\" style=\"width:60%;\"><div class=\"vsel-text\"><h2>Teilnahme am 8. PASSAGENSINGEN des Leipziger Chorverbands in den Passagen der Leipziger Innenstadt.<\/h2>\n<p>&nbsp;<\/p>\n<\/div><\/div><\/div><div id=\"event-737\" class=\"vsel-content vsel-upcoming vsel-future\"><div class=\"vsel-meta vsel-alignleft\" style=\"width:36%;\"><h3 class=\"vsel-meta-title\">Sommerkonzert<\/h3><div class=\"vsel-meta-date vsel-meta-single-date\">Datum: <span>14. Juni 2026<\/span><\/div><div class=\"vsel-meta-time\">Uhrzeit: <span>17:00<\/span><\/div><div class=\"vsel-meta-location\">Ort: <span>Kirche Liebertwolkwitz<\/span><\/div><\/div><div class=\"vsel-info vsel-alignright\" style=\"width:60%;\"><div class=\"vsel-text\"><p><img loading=\"lazy\" decoding=\"async\" src=\"https:\/\/chorklang.de\/WPHP\/wp-content\/uploads\/2026\/04\/Konzertflyer-zwei-2-700.png\" alt=\"Vorank\u00fcndigung\" width=\"433\" height=\"600\" \/><\/p>\n<\/div><\/div><\/div><div id=\"event-744\" class=\"vsel-content vsel-upcoming vsel-future\"><div class=\"vsel-meta vsel-alignleft\" style=\"width:36%;\"><h3 class=\"vsel-meta-title\">JUBIL\u00c4UMSKONZERT<\/h3><div class=\"vsel-meta-date vsel-meta-single-date\">Datum: <span>2. Oktober 2026<\/span><\/div><div class=\"vsel-meta-time vsel-meta-all-day\">Ganzt\u00e4giges Event<\/div><div class=\"vsel-meta-location\">Ort: <span>Alte B\u00f6rse am Naschmarkt<\/span><\/div><\/div><div class=\"vsel-info vsel-alignright\" style=\"width:60%;\"><div class=\"vsel-text\"><p><img loading=\"lazy\" decoding=\"async\" src=\"https:\/\/chorklang.de\/WPHP\/wp-content\/uploads\/2026\/01\/Jubilaeum.jpg\" alt=\"Das Jubil\u00e4umskonzert\" width=\"411\" height=\"600\" \/><\/p>\n<p>INFORMATIONEN zu unseren Jubil\u00e4umsfeierlichkeiten folgen in K\u00fcrze!<\/p>\n<\/div><\/div><\/div><div id=\"event-746\" class=\"vsel-content vsel-upcoming vsel-future\"><div class=\"vsel-meta vsel-alignleft\" style=\"width:36%;\"><h3 class=\"vsel-meta-title\">Adventskonzert<\/h3><div class=\"vsel-meta-date vsel-meta-single-date\">Datum: <span>18. Dezember 2026<\/span><\/div><div class=\"vsel-meta-time\">Uhrzeit: <span>17:00<\/span><\/div><div class=\"vsel-meta-location\">Ort: <span>Marienkirche Leipzig St\u00f6tteritz<\/span><\/div><div class=\"vsel-meta-link\"><a href=\"https:\/\/marienkirche-leipzig.de\/\" rel=\"noopener noreferrer\" rel=\"noopener noreferrer\" target=\"_blank\" title=\"https:\/\/marienkirche-leipzig.de\/\">Weitere Informationen<\/a><\/div><\/div><div class=\"vsel-info vsel-alignright\" style=\"width:60%;\"><div class=\"vsel-text\"><p><img loading=\"lazy\" decoding=\"async\" src=\"https:\/\/chorklang.de\/WPHP\/wp-content\/uploads\/2026\/01\/creation_1912550436.png\" alt=\"\" width=\"450\" height=\"600\" \/><\/p>\n<p>Das FAMILIENKONZERT am Nachmittag mit angepasstem Programm zum Mitsingen f\u00fcr Gro\u00df und Klein!<\/p>\n<\/div><\/div><\/div><div id=\"event-759\" class=\"vsel-content vsel-upcoming vsel-future\"><div class=\"vsel-meta vsel-alignleft\" style=\"width:36%;\"><h3 class=\"vsel-meta-title\">Adventskonzert<\/h3><div class=\"vsel-meta-date vsel-meta-single-date\">Datum: <span>18. Dezember 2026<\/span><\/div><div class=\"vsel-meta-time\">Uhrzeit: <span>19:30 - 20:15<\/span><\/div><div class=\"vsel-meta-location\">Ort: <span>Marienkirche Leipzig St\u00f6tteritz<\/span><\/div><div class=\"vsel-meta-link\"><a href=\"https:\/\/marienkirche-leipzig.de\/\" rel=\"noopener noreferrer\" rel=\"noreferrer\" target=\"_self\" title=\"https:\/\/marienkirche-leipzig.de\/\">Weitere Informationen<\/a><\/div><\/div><div class=\"vsel-info vsel-alignright\" style=\"width:60%;\"><div class=\"vsel-text\"><h4>Das traditionelle, stimmungsvolle Abendkonzert zur Weihnachtszeit.<\/h4>\n<p><img loading=\"lazy\" decoding=\"async\" src=\"https:\/\/chorklang.de\/WPHP\/wp-content\/uploads\/2026\/01\/pikaso_texttoimage_Rich-textured-brushstrokes-with-deep-colors-and-a-24.jpeg\" alt=\"\" width=\"433\" height=\"600\" \/><\/p>\n<\/div><\/div><\/div><div id=\"event-760\" class=\"vsel-content vsel-upcoming vsel-future\"><div class=\"vsel-meta vsel-alignleft\" style=\"width:36%;\"><h3 class=\"vsel-meta-title\">Adventskonzert<\/h3><div class=\"vsel-meta-date vsel-meta-single-date\">Datum: <span>19. Dezember 2026<\/span><\/div><div class=\"vsel-meta-time\">Uhrzeit: <span>19:30 - 21:00<\/span><\/div><div class=\"vsel-meta-location\">Ort: <span>Altes Rathaus Leipzig<\/span><\/div><\/div><div class=\"vsel-info vsel-alignright\" style=\"width:60%;\"><div class=\"vsel-text\"><h4>Das traditionelle, stimmungsvolle Abendkonzert zur Weihnachtszeit.<\/h4>\n<p><img loading=\"lazy\" decoding=\"async\" src=\"https:\/\/chorklang.de\/WPHP\/wp-content\/uploads\/2026\/01\/pikaso_texttoimage_Rich-textured-brushstrokes-with-deep-colors-and-a-24.jpeg\" alt=\"\" width=\"433\" height=\"600\" \/><\/p>\n<\/div><\/div><\/div><div class=\"vsel-nav\"><\/div><\/div>\n<h3>Weitere Konzerte und Auftritte sind in Vorbereitung. Der Konzertkalender wird st\u00e4ndig aktualisiert. Und vielleicht ist ja dann auch ein Konzert in Ihrer N\u00e4he dabei.<\/h3>\n<h3>Kartenbestellungen f\u00fcr unsere Konzerte werden auch unter Tel.: 0171 \/ 881 40 38 oder per E-Mail entgegengenommen. Bitte nutzen Sie daf\u00fcr den jeweiligen Link in der Veranstaltungsinformation, der mit Beginn des Kartenvorverkaufs verf\u00fcgbar sein wird.<br \/>\nNach erfolgter Reservierung erhalten Sie eine Best\u00e4tigungsmail. Die Karten liegen dann am Konzerttag an der Abendkasse f\u00fcr Sie zur Abholung bereit. Sollten Sie die Karten vorab ben\u00f6tigen, vermerken Sie das bitte in Ihrer E-Mail oder oder bestellen Sie telefonisch.<\/h3>\n","protected":false},"excerpt":{"rendered":"<p>Das traditionelle, stimmungsvolle Abendkonzert zur Weihnachtszeit.<\/p>\n","protected":false},"author":1,"featured_media":0,"parent":0,"menu_order":0,"comment_status":"closed","ping_status":"closed","template":"","meta":{"footnotes":""},"class_list":["post-48","page","type-page","status-publish","hentry"],"_links":{"self":[{"href":"https:\/\/chorklang.de\/index.php?rest_route=\/wp\/v2\/pages\/48","targetHints":{"allow":["GET"]}}],"collection":[{"href":"https:\/\/chorklang.de\/index.php?rest_route=\/wp\/v2\/pages"}],"about":[{"href":"https:\/\/chorklang.de\/index.php?rest_route=\/wp\/v2\/types\/page"}],"author":[{"embeddable":true,"href":"https:\/\/chorklang.de\/index.php?rest_route=\/wp\/v2\/users\/1"}],"replies":[{"embeddable":true,"href":"https:\/\/chorklang.de\/index.php?rest_route=%2Fwp%2Fv2%2Fcomments&post=48"}],"version-history":[{"count":3,"href":"https:\/\/chorklang.de\/index.php?rest_route=\/wp\/v2\/pages\/48\/revisions"}],"predecessor-version":[{"id":753,"href":"https:\/\/chorklang.de\/index.php?rest_route=\/wp\/v2\/pages\/48\/revisions\/753"}],"wp:attachment":[{"href":"https:\/\/chorklang.de\/index.php?rest_route=%2Fwp%2Fv2%2Fmedia&parent=48"}],"curies":[{"name":"wp","href":"https:\/\/api.w.org\/{rel}","templated":true}]}}