{"id":52,"date":"2015-06-22T18:17:38","date_gmt":"2015-06-22T16:17:38","guid":{"rendered":"http:\/\/chorklang.de\/WPHP\/?page_id=52"},"modified":"2018-05-11T19:42:19","modified_gmt":"2018-05-11T17:42:19","slug":"kristian-sorensen","status":"publish","type":"page","link":"https:\/\/chorklang.de\/?page_id=52","title":{"rendered":"Kristian S\u00f8rensen"},"content":{"rendered":"<p>&nbsp;<\/p>\n<h4><img loading=\"lazy\" decoding=\"async\" class=\"aligncenter wp-image-149 size-full\" src=\"https:\/\/chorklang.de\/WPHP\/wp-content\/uploads\/2016\/01\/Bild-Kristian-S\u00f8rensen-k-2.jpg\" alt=\"\" width=\"133\" height=\"200\" \/><\/h4>\n<h5 style=\"text-align: justify;\">Kristian S\u00f8rensen ist in D\u00e4nemark geboren. Nach seiner Schulzeit begann er in seiner Heimat ein Gesangsstudium, das er nach zwei Jahren in Deutschland fortsetzte und mit einem Aufbaustudium in Karlsruhe beendete. Er hat als Tenor-Solist Konzerte in ganz Europa gesungen. Sein Repertoire reicht von Monteverdi bis zur zeitgen\u00f6ssischen Musik. Seit 1992 ist er beim Chor des Mitteldeutschen Rundfunks in Leipzig engagiert. Seitdem ist diese Stadt seine Wahlheimat geworden.<br \/>\nSeit 1987 ist Kristian S\u00f8rensen als Gesangslehrer t\u00e4tig und unterrichtet an der Hochschule f\u00fcr Musik Felix Mendelssohn-Bartholdy in Leipzig, an der er auch selbst Chorleitung studiert hat. Er gibt Meisterkurse in Gesang, unter anderem an der Hochschule in Aalborg \/ D\u00e4nemark.Kristian S\u00f8rensen war \u00fcber zehn Jahre als Stimmbildner im MDR Kinderchor Leipzig t\u00e4tig und wurde f\u00fcr stimmbildnerische Arbeit von anderen Ch\u00f6ren, im Jahr\u00a0 2006 auch vom Leipziger Lehrerchor, vielfach eingeladen.<br \/>\nIm Jahr 2007 \u00fcbernahm Kristian S\u00f8rensen die musikalische Leitung des Leipziger Lehrerchor e.V..<\/h5>\n<h5 style=\"text-align: justify;\">Kristian S\u00f8rensen wird unterst\u00fctzt von Sabine Gosch und Sigrun Schl\u00e4fer, die im Verhinderungsfall die musikalische Leitung gleichberechtigt \u00fcbernehmen.<\/h5>\n","protected":false},"excerpt":{"rendered":"<p>&nbsp;<\/p>\n<p>Kristian S\u00f8rensen ist in D\u00e4nemark geboren. Nach seiner Schulzeit begann er in seiner Heimat ein Gesangsstudium, das er nach zwei Jahren in Deutschland fortsetzte und mit einem Aufbaustudium in Karlsruhe beendete. Er hat als Tenor-Solist Konzerte in ganz Europa gesungen. Sein Repertoire reicht von Monteverdi bis zur zeitgen\u00f6ssischen Musik. Seit 1992 ist er <\/p>\n","protected":false},"author":1,"featured_media":0,"parent":0,"menu_order":0,"comment_status":"closed","ping_status":"closed","template":"","meta":{"footnotes":""},"class_list":["post-52","page","type-page","status-publish","hentry"],"_links":{"self":[{"href":"https:\/\/chorklang.de\/index.php?rest_route=\/wp\/v2\/pages\/52","targetHints":{"allow":["GET"]}}],"collection":[{"href":"https:\/\/chorklang.de\/index.php?rest_route=\/wp\/v2\/pages"}],"about":[{"href":"https:\/\/chorklang.de\/index.php?rest_route=\/wp\/v2\/types\/page"}],"author":[{"embeddable":true,"href":"https:\/\/chorklang.de\/index.php?rest_route=\/wp\/v2\/users\/1"}],"replies":[{"embeddable":true,"href":"https:\/\/chorklang.de\/index.php?rest_route=%2Fwp%2Fv2%2Fcomments&post=52"}],"version-history":[{"count":1,"href":"https:\/\/chorklang.de\/index.php?rest_route=\/wp\/v2\/pages\/52\/revisions"}],"predecessor-version":[{"id":150,"href":"https:\/\/chorklang.de\/index.php?rest_route=\/wp\/v2\/pages\/52\/revisions\/150"}],"wp:attachment":[{"href":"https:\/\/chorklang.de\/index.php?rest_route=%2Fwp%2Fv2%2Fmedia&parent=52"}],"curies":[{"name":"wp","href":"https:\/\/api.w.org\/{rel}","templated":true}]}}